{"id":3908,"date":"2020-03-13T10:17:13","date_gmt":"2020-03-13T13:17:13","guid":{"rendered":"https:\/\/www.lipigas.com\/investors\/corporate-governance\/ethics-and-compliance\/area-de-compliance\/"},"modified":"2024-02-14T09:16:21","modified_gmt":"2024-02-14T13:16:21","slug":"area-de-compliance","status":"publish","type":"page","link":"https:\/\/lipiandes.com\/en\/investors\/corporate-governance\/area-de-compliance\/","title":{"rendered":"\u00c1rea de Compliance"},"content":{"rendered":"\n<p>Contamos con un <strong>\u00c1rea de Compliance<\/strong>, cuya misi\u00f3n es fortalecer la cultura de integridad y \u00e9tica de la Compa\u00f1\u00eda, a trav\u00e9s de actividades continuas que buscan detectar y gestionar los riesgos de incumplimiento y fundamentalmente, capacitar a los colaboradores y velar por aplicaci\u00f3n y elaboraci\u00f3n de las pol\u00edticas y procedimientos apropiados que nos permiten cumplir las obligaciones normativas, legales y los est\u00e1ndares de la sociedad actual.<\/p>\n\n\n\n<p>Compliance Officer: Ximena Raby Biggs , abogada, Pontificia Universidad Cat\u00f3lica de Chile.<\/p>\n\n\n\n<p><\/p>\n\n\n\n<p><\/p>\n","protected":false},"excerpt":{"rendered":"<p>Contamos con un \u00c1rea de Compliance, cuya misi\u00f3n es fortalecer la cultura de integridad y \u00e9tica de la Compa\u00f1\u00eda, a trav\u00e9s de actividades continuas que buscan detectar y gestionar los riesgos de incumplimiento y fundamentalmente, capacitar a los colaboradores y velar por aplicaci\u00f3n y elaboraci\u00f3n de las pol\u00edticas y procedimientos apropiados que nos permiten cumplir [&#8230;]<\/p>\n","protected":false},"author":5,"featured_media":0,"parent":1036,"menu_order":1,"comment_status":"closed","ping_status":"closed","template":"","meta":{"_acf_changed":false,"footnotes":""},"class_list":["post-3908","page","type-page","status-publish","hentry"],"acf":[],"_links":{"self":[{"href":"https:\/\/lipiandes.com\/en\/wp-json\/wp\/v2\/pages\/3908","targetHints":{"allow":["GET"]}}],"collection":[{"href":"https:\/\/lipiandes.com\/en\/wp-json\/wp\/v2\/pages"}],"about":[{"href":"https:\/\/lipiandes.com\/en\/wp-json\/wp\/v2\/types\/page"}],"author":[{"embeddable":true,"href":"https:\/\/lipiandes.com\/en\/wp-json\/wp\/v2\/users\/5"}],"replies":[{"embeddable":true,"href":"https:\/\/lipiandes.com\/en\/wp-json\/wp\/v2\/comments?post=3908"}],"version-history":[{"count":2,"href":"https:\/\/lipiandes.com\/en\/wp-json\/wp\/v2\/pages\/3908\/revisions"}],"predecessor-version":[{"id":6679,"href":"https:\/\/lipiandes.com\/en\/wp-json\/wp\/v2\/pages\/3908\/revisions\/6679"}],"up":[{"embeddable":true,"href":"https:\/\/lipiandes.com\/en\/wp-json\/wp\/v2\/pages\/1036"}],"wp:attachment":[{"href":"https:\/\/lipiandes.com\/en\/wp-json\/wp\/v2\/media?parent=3908"}],"curies":[{"name":"wp","href":"https:\/\/api.w.org\/{rel}","templated":true}]}}