{"id":1029,"date":"2018-03-29T14:15:06","date_gmt":"2018-03-29T14:15:06","guid":{"rendered":"http:\/\/www.lipigas.com\/investors\/financial-information\/glosario\/"},"modified":"2018-06-01T15:23:06","modified_gmt":"2018-06-01T15:23:06","slug":"glossary","status":"publish","type":"page","link":"https:\/\/lipiandes.com\/en\/investors\/financial-information\/glossary\/","title":{"rendered":"Glossary"},"content":{"rendered":"<h2>A<\/h2>\n<p><strong>AIRE<\/strong>: Mezcla homog\u00e9nea de gases que constituye la atm\u00f3sfera terrestre y que proporciona el ox\u00edgeno necesario para la combusti\u00f3n. Est\u00e1 compuesto por Nitr\u00f3geno (N\u2082), Ox\u00edgeno (O\u2082) y bajos vol\u00famenes de gases inertes y vapor de agua.<\/p>\n<p><strong>\u00c1REA<\/strong>: Medida de la extensi\u00f3n de una superficie.<\/p>\n<h2>B<\/h2>\n<p><strong>BUTANO<\/strong>: Gas incoloro e inodoro que participa, al igual que el Propano, en la producci\u00f3n de Gas Licuado Petr\u00f3leo. Se obtiene principalmente del secado del gas natural, del shale gas o de la destilaci\u00f3n del petr\u00f3leo. Se recomienda su uso a temperaturas normales (casas, oficinas, lugares cerrados) ya que tiene mayor punto de ebullici\u00f3n que el Propano y no vaporiza bien a bajas temperaturas. En su comercializaci\u00f3n es odorizado para que por seguridad pueda ser detectable.<\/p>\n<p><strong>BTU<\/strong>: Del ingl\u00e9s <em>British Thermal Unit<\/em>. Es una unidad de medida de la temperatura.<\/p>\n<h2>C<\/h2>\n<p><strong>CALOR<\/strong>: es una cantidad de energ\u00eda y una expresi\u00f3n del movimiento de las mol\u00e9culas que componen un cuerpo. Su unidad de medida m\u00e1s frecuente es la calor\u00eda.<\/p>\n<p><strong>CARBONO<\/strong>: Es un elemento qu\u00edmico que tiene mucha facilidad para unirse entre s\u00ed y a otros elementos como el hidr\u00f3geno, en cuyo caso forma los denominados hidrocarburos. El carbono cumple un importante rol en la combusti\u00f3n de estos, ya que su poder calor\u00edfico est\u00e1 determinado, entre otros, por la cantidad de carbono que el hidrocarburo contiene. En otras palabras, mientras m\u00e1s mol\u00e9culas de carbono tengan los combustibles, mayor ser\u00e1 el calor y luz producidos por la combusti\u00f3n, que son las energ\u00edas que vendemos.<\/p>\n<p><strong>CILINDRO<\/strong>: recipientes cil\u00edndricos de acero de calidad especial, fabricados con uniones soldadas y tratados t\u00e9rmicamente para optimizar sus propiedades de resistencia y elasticidad. Estos cilindros son llenados con gas en fase l\u00edquida a presi\u00f3n. Los clientes pueden utilizar estos envases y devolverlos vac\u00edos cuando se desea una nueva carga.<\/p>\n<p><strong>CISTERNA<\/strong>: Tanque de transporte de gas licuado.<\/p>\n<p><strong>COMBUSTIBLE<\/strong>: Cualquier material capaz de liberar energ\u00eda cuando se oxida de forma violenta con desprendimiento de calor.<\/p>\n<p><strong>COMBUSTI\u00d3N<\/strong>: Es una reacci\u00f3n qu\u00edmica que se produce cuando un combustible (por ejemplo GLP) y el aire (es decir ox\u00edgeno), son sometidos a una fuente de ignici\u00f3n (chispa o llama), que alcanza una temperatura determinada.<\/p>\n<p><strong>COMBUSTI\u00d3N COMPLETA<\/strong>: Se reconoce por dar una llama de aspecto firme y de color azul. En este caso, la cantidad de aire primario es la adecuada. Es decir, el artefacto se encuentra con sus quemadores limpios y calibrados.<\/p>\n<p><strong>COMBUSTI\u00d3N ENRIQUECIDA<\/strong>: Es una combusti\u00f3n con exceso de aire que produce una llama azul que genera peque\u00f1as explosiones en el quemador. Esto es provocado por aire que pudo haber ingresado a las tuber\u00edas durante el cambio de cilindro. Una vez consumido el aire extra, la combusti\u00f3n se normaliza.<\/p>\n<p><strong>COMBUSTI\u00d3N INCOMPLETA<\/strong>: Se reconoce por dar una llama blanda y de color amarillo, similar a una vela. Se produce por una falta de aire primario que ocurre al obstruir o tapar la entrada de aire al quemador.<\/p>\n<h2>D<\/h2>\n<p><strong>DENSIDAD<\/strong>: Expresa la relaci\u00f3n entre la masa y el volumen de una sustancia de acuerdo a la siguiente ecuaci\u00f3n: d=m\/v.<\/p>\n<p><strong>DENSIDAD ABSOLUTA<\/strong>: es la cantidad de masa por unidad de volumen de un cuerpo determinado.<\/p>\n<p><strong>DENSIDAD RELATIVA<\/strong>: es la relaci\u00f3n entre las masas de dos cuerpos con vol\u00famenes iguales. Para los s\u00f3lidos y l\u00edquidos se toma el agua como elemento de comparaci\u00f3n y para los gases se toma el aire a 0\u00b0C y presi\u00f3n atmosf\u00e9rica.<\/p>\n<p><strong>DESTILACI\u00d3N DEL PETR\u00d3LEO<\/strong>: Proceso que permite separar ordenadamente los componentes del petr\u00f3leo, desde los asfaltos hasta el gas licuado, aprovechando sus diferentes puntos de ebullici\u00f3n y densidad.<\/p>\n<h2>E<\/h2>\n<p><strong>ENVASADO<\/strong>: Proceso en el cual los cilindros de GLP son llenados en fase l\u00edquida a alta presi\u00f3n, mediante bombas de carga alimentadas por tanques.<\/p>\n<p><strong>ESTANQUE<\/strong>: Recipiente abierto que sirve como dep\u00f3sito. No se debe confundir con los tanques, que corresponden a recipientes cerrados destinados al almacenamiento de GLP.<\/p>\n<p><strong>ESQUISTO<\/strong>: Es un tipo de roca caracterizada por la preponderancia de minerales laminares que favorecen su fragmentaci\u00f3n en capas delgadas. En este tipo de roca, concretamente en el esquisto bituminoso, se forma el gas natural explotado mediante la hidrofracturaci\u00f3n.<\/p>\n<h2>F<\/h2>\n<p><strong>FUENTE DE IGNICI\u00d3N<\/strong>: Cualquier elemento que pueda proporcionar la temperatura suficiente para generar la combusti\u00f3n (chispa, roce, f\u00f3sforo, encendedor, otros).<\/p>\n<h2>G<\/h2>\n<p><strong>GAS NATURAL DE POZO<\/strong>: Es una fuente de energ\u00eda no renovable formada principalmente por metano. Para procesar el gas natural, una planta de secado debe enfriarlo hasta condensar y separar los hidrocarburos que contiene, de acuerdo a su densidad.<\/p>\n<p><strong>GAS LICUADO PETR\u00d3LEO<\/strong>: Es una mezcla de gases, principalmente propano y butano, que son obtenidos como subproductos o derivados del petr\u00f3leo y del gas natural de pozos.<\/p>\n<p><strong>GRADO CELSIUS<\/strong>: Unidad est\u00e1ndar para medir temperatura de los cuerpos en el sistema m\u00e9trico, que utiliza como valor de referencia los puntos de congelaci\u00f3n (0\u00b0C) y de ebullici\u00f3n (100\u00b0C) del agua, en condiciones atmosf\u00e9ricas normales.<\/p>\n<h2>H<\/h2>\n<p><strong>HIDROCARBUROS<\/strong>: Compuestos org\u00e1nicos formados por \u00e1tomos de Carbono e Hidr\u00f3geno, que dan origen a muchos gases y l\u00edquidos combustibles. Entre los gases que est\u00e1n dentro de esta categor\u00eda se encuentran los Gases Licuados (Propano C3H10 y Butano C4H10) y el Gas Natural (Metano CH4).<\/p>\n<p><strong>HIDROFACTURACI\u00d3N<\/strong>: T\u00e9cnica a trav\u00e9s de la cual se fractura mec\u00e1nicamente una roca en otras m\u00e1s peque\u00f1as, con el prop\u00f3sito de liberar y extraer el gas encerrado en el sustrato rocoso.<\/p>\n<p><strong>HIDR\u00d3GENO<\/strong>: Es uno de los elementos qu\u00edmicos m\u00e1s abundantes de nuestro planeta, representando el 75% de la materia visible del universo. El hidr\u00f3geno no es una fuente de energ\u00eda en s\u00ed, pero s\u00ed es capaz de transportarla y almacenarla. Por ello, decimos que cumple un importante rol en la combusti\u00f3n, mejorando el desempe\u00f1o de combustibles f\u00f3siles como el carb\u00f3n, petr\u00f3leo y gas natural.<\/p>\n<h2>K<\/h2>\n<p><strong>KILOGRAMO<\/strong>: Unidad b\u00e1sica de masa que es igual a 1,000 gramos. Se simboliza \u201ckg\u201d.<\/p>\n<h2>L<\/h2>\n<p><strong>L\u00cdMITE DE INFLAMABILIDAD<\/strong>: Define las concentraciones m\u00ednimas y m\u00e1ximas de gas en mezcla con el aire, en las que son inflamables.<\/p>\n<p><strong>LONGITUD<\/strong>: La longitud es la magnitud f\u00edsica que determina la distancia, es decir, la cantidad de espacio existente entre dos puntos. Entre sus unidades de medida est\u00e1n el mil\u00edmetro (\u201cmm\u201d), el cent\u00edmetro (\u201ccm\u201d) y el metro (\u201cm\u201d).<\/p>\n<h2>M<\/h2>\n<p><strong>MAN\u00d3METRO<\/strong>: Instrumento para medir la presi\u00f3n de los fluidos, principalmente de los gases.<\/p>\n<p><strong>MASA<\/strong>: Es la cantidad de sustancia o materia que tiene un cuerpo.<\/p>\n<p><strong>MEDIDOR<\/strong>: En una red de gas, registra el caudal de gas que entra a la red de cada cliente y, con ello, el consumo que se cobra mensualmente.<\/p>\n<p><strong>METANO<\/strong>: Es un gas m\u00e1s liviano que el aire, compuesto por un \u00e1tomo de carbono y cuatro de hidr\u00f3geno. El \u00e1tomo de Carbono tiene 4 electrones libres, as\u00ed que se une al hidr\u00f3geno a trav\u00e9s de enlaces simples, de un electr\u00f3n por cada \u00e1tomo. En la combusti\u00f3n, tanto el carbono como el hidr\u00f3geno reaccionan con el ox\u00edgeno, liberando calor y dando formaci\u00f3n a componentes de agua y di\u00f3xido de carbono. Es incoloro e inodoro y apenas soluble en agua en su fase l\u00edquida.<\/p>\n<p><strong>MMC.A<\/strong>: Del espa\u00f1ol Mil\u00edmetros de Columna de agua. Es una unidad de medida de la presi\u00f3n.<\/p>\n<h2>P<\/h2>\n<p><strong>PESO<\/strong>: Fuerza con que la Tierra atrae a un cuerpo, por acci\u00f3n de la gravedad.<\/p>\n<p><strong>PODER CALOR\u00cdFICO<\/strong>: Capacidad que tiene un combustible para ceder calor al arder.<\/p>\n<p><strong>PRESI\u00d3N<\/strong>: Fuerza que se aplica sobre una superficie. A igualdad de fuerza, ser\u00e1 mayor la presi\u00f3n cuanto menor sea la superficie sobre la que se aplica aquella e, inversamente, ser\u00e1 menor la presi\u00f3n cuanto mayor sea dicha superficie. Para expresar la presi\u00f3n que ejerce el gas propano dentro de un dep\u00f3sito podremos emplear el kilogramo (kg) como unidad de fuerza y el cent\u00edmetro cuadrado (cm\u00b2) como unidad de superficie, diciendo, por ejemplo, que su presi\u00f3n (o tensi\u00f3n de vapor) es de 7 kg\/cm\u00b2. Si hablamos de la presi\u00f3n de funcionamiento del gas podemos decir, por ejemplo (que no suele pasar) en el quemador, de unos 80 mmc.a. (80 mil\u00edmetros de columna de agua = 8 g\/cm\u00b2.<\/p>\n<p><strong>PRESI\u00d3N ABSOLUTA<\/strong>: Es la suma de la Presi\u00f3n Atmosf\u00e9rica y la Presi\u00f3n Manom\u00e9trica.<\/p>\n<h2>P<\/h2>\n<p><strong>PRESI\u00d3N ATMOSF\u00c9RICA<\/strong>: Peso determinado que tiene la masa del aire que rodea a la Tierra y que ejerce sobre todos los cuerpos. Este peso presupone un valor concreto sobre cada unidad de superficie sobre la que se aplica y que var\u00eda con la altitud o la altura de cada punto de nuestro planeta. Es natural que as\u00ed sea, pues cuanto m\u00e1s alto subamos en la atm\u00f3sfera, menos aire tendremos encima y, por tanto, menor presi\u00f3n. Por el contrario, en lo m\u00e1s bajo de la atm\u00f3sfera, que es al nivel del mar, tendremos la m\u00e1xima presi\u00f3n. El valor de la presi\u00f3n de la atm\u00f3sfera, a nivel del mar, vale 1,003kg\/cm\u00b2, que en la pr\u00e1ctica se redondea a 1kg\/ cm\u00b2 (= 1 bar).<\/p>\n<p><strong>PRESI\u00d3N MANOM\u00c9TRICA<\/strong>: Diferencia entre la presi\u00f3n que ejerce un fluido sobre las paredes de un recipiente y la presi\u00f3n atmosf\u00e9rica.<\/p>\n<p><strong>PROPANO<\/strong>: Es un gas incoloro e inodoro que se obtiene a partir del gas natural o del petr\u00f3leo. Se utiliza principalmente para producir combustibles, pero tambi\u00e9n en la industria qu\u00edmica para producir propano, como refrigerante y como propulsor en los aerosoles. Forma parte importante en el porcentaje del GLP que se vende en cilindros y tanques de granel, esto debido a que funciona mejor que el Butano a temperaturas bajas.<\/p>\n<p><strong>PSIG<\/strong>: Del ingl\u00e9s pound square inch, es una unidad de medida de la presi\u00f3n que describe la fuerza, medida en libras-fuerza, que act\u00faa en cada pulgada cuadrada de un \u00e1rea. A diferencia del PSI (que fija como cero la presi\u00f3n atmosf\u00e9rica), el PSIG excluye espec\u00edficamente a la presi\u00f3n atmosf\u00e9rica, describiendo la diferencia entre el valor de la presi\u00f3n y la presi\u00f3n atmosf\u00e9rica.<\/p>\n<h2>Q<\/h2>\n<p><strong>QUEMADOR<\/strong>: Su funci\u00f3n es generar la mezcla en la proporci\u00f3n adecuada al producto que se va a quemar, para producir una llama de la mejor condici\u00f3n. La uni\u00f3n del combustible con el ox\u00edgeno ocurre en el quemador, mezcla que al entrar en contacto con una llama se enciende y quema el gas en forma parcial y termin\u00e1ndose de quemar totalmente con el aire circundante al quemador. El aire succionado por el quemador se denomina aire primario. El aire cercano al quemador se denomina aire secundario.<\/p>\n<h2>R<\/h2>\n<p><strong>RED DE MEDIDORES<\/strong>: Instalaci\u00f3n que est\u00e1 especialmente dise\u00f1ada para abastecer a m\u00faltiples puntos de consumo independientes, desde un tanque com\u00fan con reabastecimiento programado.<\/p>\n<h2>S<\/h2>\n<p><strong>SHALE GAS<\/strong>: Tambi\u00e9n llamado gas de esquisto, es un hidrocarburo en estado gaseoso que se ubica en reservorios rocosos.<\/p>\n<p><strong>SUPERFICIE<\/strong>: El espacio, \u00e1rea o superficie, vendr\u00e1 dado por la multiplicaci\u00f3n del \u201clargo\u201d y del \u201cancho\u201d. As\u00ed, una superficie que tenga 4m de largo y 3 de ancho tendr\u00e1 una superficie de 12 metros cuadrados que designaremos m\u00b2. Otra unidad corriente es el cent\u00edmetro cuadrado (cm\u00b2) del que tendremos en 1m\u00b2 a raz\u00f3n de 100 cm por cada m.<\/p>\n<h2>Q<\/h2>\n<p><strong>TANQUE<\/strong>: Son dep\u00f3sitos fijos o m\u00f3viles que permiten almacenar o transportar grandes cantidades de gas, que se cargan a trav\u00e9s de camiones (planta m\u00f3vil en Colombia), y que son regularmente inspeccionados de acuerdo a las normas de cada pa\u00eds. Su principal caracter\u00edstica es que tiene mayor autonom\u00eda al disponer de un mayor volumen de combustible almacenado.<\/p>\n<p><strong>TELEVENTA<\/strong>: Es uno de los canales de venta de Empresas Lipigas. Por medio de \u00e9ste, los clientes nos contactan telef\u00f3nicamente, v\u00eda correo electr\u00f3nico o en forma personal (en la minor\u00eda de los casos) para hacer pedidos de gas (envasado o granel), modificar pedidos hechos con anterioridad o consultar por el estado de sus pedidos. Este canal atiende tanto a clientes domiciliarios, industriales y sub distribuidores.<\/p>\n<p><strong>TEMPERATURA<\/strong>: es la medida del calor de un cuerpo y no la cantidad de calor que este contiene o puede rendir. La temperatura se mide con term\u00f3metros, los cuales pueden ser calibrados de acuerdo a diferentes unidades de medici\u00f3n como el Kelvin (\u00b0K) y el grado Celsius (\u00b0C).<\/p>\n<p><strong>TEMPERATURA DE EBULLICI\u00d3N<\/strong>: Temperatura a la cual la materia cambia del estado l\u00edquido al estado gaseoso.<\/p>\n<h2>V<\/h2>\n<p><strong>V\u00c1LVULA DE LLENADO<\/strong>: V\u00e1lvula que permite llenar el cilindro, transportarlo sin p\u00e9rdidas y extraer el gas licuado contenido en forma segura.<\/p>\n<p><strong>VAPORIZACI\u00d3N NATURAL<\/strong>: Proceso que permite la salida del combustible en forma de gas. En un envase de almacenamiento de GLP que no est\u00e1 siendo utilizado, el GLP en estado l\u00edquido y el que est\u00e1 en estado vapor se encuentran en equilibrio. Sin embargo, al salir gas del dep\u00f3sito, comienza a disminuir la presi\u00f3n en el interior de \u00e9ste. Para compensar esta p\u00e9rdida de presi\u00f3n, la fase l\u00edquida entra en ebullici\u00f3n cediendo calor para la vaporizaci\u00f3n, por lo que la temperatura del gas licuado en estado l\u00edquido decae.<\/p>\n<p><strong>VOLUMEN<\/strong>: Espacio tridimensional que ocupan los cuerpos. El volumen corresponde a la extensi\u00f3n en tres dimensiones de una regi\u00f3n del espacio: alto, largo y ancho; la multiplicaci\u00f3n de estos tres valores nos da como resultado el volumen. Existen diferentes unidades de medida; para s\u00f3lidos suele emplearse el metro c\u00fabico (\u201cm\u00b3\u201d) y para l\u00edquidos el litro (\u201cl\u201d), y sus derivados.<\/p>\n","protected":false},"excerpt":{"rendered":"<p>A AIRE: Mezcla homog\u00e9nea de gases que constituye la atm\u00f3sfera terrestre y que proporciona el ox\u00edgeno necesario para la combusti\u00f3n. Est\u00e1 compuesto por Nitr\u00f3geno (N\u2082), Ox\u00edgeno (O\u2082) y bajos vol\u00famenes de gases inertes y vapor de agua. \u00c1REA: Medida de la extensi\u00f3n de una superficie. B BUTANO: Gas incoloro e inodoro que participa, al igual [&#8230;]<\/p>\n","protected":false},"author":1,"featured_media":0,"parent":375,"menu_order":0,"comment_status":"closed","ping_status":"closed","template":"","meta":{"_acf_changed":false,"footnotes":""},"class_list":["post-1029","page","type-page","status-publish","hentry"],"acf":[],"_links":{"self":[{"href":"https:\/\/lipiandes.com\/en\/wp-json\/wp\/v2\/pages\/1029","targetHints":{"allow":["GET"]}}],"collection":[{"href":"https:\/\/lipiandes.com\/en\/wp-json\/wp\/v2\/pages"}],"about":[{"href":"https:\/\/lipiandes.com\/en\/wp-json\/wp\/v2\/types\/page"}],"author":[{"embeddable":true,"href":"https:\/\/lipiandes.com\/en\/wp-json\/wp\/v2\/users\/1"}],"replies":[{"embeddable":true,"href":"https:\/\/lipiandes.com\/en\/wp-json\/wp\/v2\/comments?post=1029"}],"version-history":[{"count":5,"href":"https:\/\/lipiandes.com\/en\/wp-json\/wp\/v2\/pages\/1029\/revisions"}],"predecessor-version":[{"id":1084,"href":"https:\/\/lipiandes.com\/en\/wp-json\/wp\/v2\/pages\/1029\/revisions\/1084"}],"up":[{"embeddable":true,"href":"https:\/\/lipiandes.com\/en\/wp-json\/wp\/v2\/pages\/375"}],"wp:attachment":[{"href":"https:\/\/lipiandes.com\/en\/wp-json\/wp\/v2\/media?parent=1029"}],"curies":[{"name":"wp","href":"https:\/\/api.w.org\/{rel}","templated":true}]}}